{"id":167,"date":"2018-08-10T08:09:41","date_gmt":"2018-08-10T05:09:41","guid":{"rendered":"http:\/\/feyzgrup.com\/index.php\/showcase\/"},"modified":"2025-01-16T02:06:28","modified_gmt":"2025-01-15T23:06:28","slug":"sirketler","status":"publish","type":"page","link":"https:\/\/feyzgrup.com\/index.php\/sirketler\/","title":{"rendered":"\u015eirketler"},"content":{"rendered":"\t\t<div data-elementor-type=\"wp-post\" data-elementor-id=\"167\" class=\"elementor elementor-167\">\n\t\t\t\t\t\t<section class=\"elementor-section elementor-top-section elementor-element elementor-element-fc75ad5 elementor-section-boxed elementor-section-height-default elementor-section-height-default\" data-id=\"fc75ad5\" data-element_type=\"section\">\n\t\t\t\t\t\t<div class=\"elementor-container elementor-column-gap-default\">\n\t\t\t\t\t<div class=\"aux-parallax-section elementor-column elementor-col-100 elementor-top-column elementor-element elementor-element-98d5a9b\" data-id=\"98d5a9b\" data-element_type=\"column\">\n\t\t\t<div class=\"elementor-widget-wrap elementor-element-populated\">\n\t\t\t\t\t\t<section class=\"elementor-section elementor-inner-section elementor-element elementor-element-ed44ca6 elementor-section-content-bottom elementor-section-boxed elementor-section-height-default elementor-section-height-default\" data-id=\"ed44ca6\" data-element_type=\"section\">\n\t\t\t\t\t\t<div class=\"elementor-container elementor-column-gap-default\">\n\t\t\t\t\t<div class=\"aux-parallax-section elementor-column elementor-col-50 elementor-inner-column elementor-element elementor-element-566f0e0 aux-appear-watch-animation aux-fade-in-right-2\" data-id=\"566f0e0\" data-element_type=\"column\">\n\t\t\t<div class=\"elementor-widget-wrap elementor-element-populated\">\n\t\t\t\t\t\t<div class=\"elementor-element elementor-element-8b00add elementor-widget elementor-widget-video\" data-id=\"8b00add\" data-element_type=\"widget\" data-settings=\"{&quot;video_type&quot;:&quot;hosted&quot;,&quot;controls&quot;:&quot;yes&quot;}\" data-widget_type=\"video.default\">\n\t\t\t\t<div class=\"elementor-widget-container\">\n\t\t\t\t\t\t\t<div class=\"e-hosted-video elementor-wrapper elementor-open-inline\">\n\t\t\t\t\t<video class=\"elementor-video\" src=\"http:\/\/feyzgrup.com\/wp-content\/uploads\/2018\/05\/feyz-grup.mp4\" controls=\"\" preload=\"metadata\" controlsList=\"nodownload\"><\/video>\n\t\t\t\t<\/div>\n\t\t\t\t\t\t<\/div>\n\t\t\t\t<\/div>\n\t\t\t\t\t<\/div>\n\t\t<\/div>\n\t\t\t\t<div class=\"aux-parallax-section elementor-column elementor-col-50 elementor-inner-column elementor-element elementor-element-d503186 aux-appear-watch-animation aux-fade-in-right-2\" data-id=\"d503186\" data-element_type=\"column\">\n\t\t\t<div class=\"elementor-widget-wrap elementor-element-populated\">\n\t\t\t\t\t\t<div class=\"elementor-element elementor-element-4d4ba85 elementor-widget elementor-widget-aux_modern_heading\" data-id=\"4d4ba85\" data-element_type=\"widget\" data-widget_type=\"aux_modern_heading.default\">\n\t\t\t\t<div class=\"elementor-widget-container\">\n\t\t\t\t\t<section class=\"aux-widget-modern-heading\">\n            <div class=\"aux-widget-inner\"><h2 class=\"aux-modern-heading-primary\"><\/h2><h3 class=\"aux-modern-heading-secondary\"><span class=\"aux-head-before\">Feyz<\/span><span class=\"aux-head-highlight\">Grup \u015eirketleri<\/span><\/h3><\/div>\n        <\/section>\t\t\t\t<\/div>\n\t\t\t\t<\/div>\n\t\t\t\t<div class=\"elementor-element elementor-element-c1fae9f elementor-widget elementor-widget-text-editor\" data-id=\"c1fae9f\" data-element_type=\"widget\" data-widget_type=\"text-editor.default\">\n\t\t\t\t<div class=\"elementor-widget-container\">\n\t\t\t\t\t\t\t\t\t<div class=\"aux-bus2-title-divider\"><\/div>\t\t\t\t\t\t\t\t<\/div>\n\t\t\t\t<\/div>\n\t\t\t\t<div class=\"elementor-element elementor-element-3645aaa elementor-widget elementor-widget-text-editor\" data-id=\"3645aaa\" data-element_type=\"widget\" data-widget_type=\"text-editor.default\">\n\t\t\t\t<div class=\"elementor-widget-container\">\n\t\t\t\t\t\t\t\t\t<p><span style=\"font-weight: 400;\">MEDYAHAN Reklam Film A.\u015e. ve Feyz Film Prod\u00fcksiyon A.\u015e. \u015firketleriyle sinema \u00e7al\u0131\u015fmalar\u0131na g\u00fc\u00e7l\u00fc bir ad\u0131m atan toplulu\u011fumuz; g\u00fc\u00e7lenen ekonomik ve ticari yap\u0131s\u0131yla FEYZ GRUP b\u00fcnyesi alt\u0131nda Feyz, G\u00f6n\u00fcl ve Hankando Dergileri ile uzun y\u0131llardan beri y\u00fcr\u00fctt\u00fc\u011f\u00fc yay\u0131nc\u0131l\u0131k faaliyetlerine devam etmektedir. Ticari hayatta <\/span><b>Feyz Grup<\/b><span style=\"font-weight: 400;\"> \u00e7at\u0131s\u0131 ve sinerjisi alt\u0131ndaki Enteks Kuma\u015f\u00e7\u0131l\u0131k A.\u015e. , Alara SP.ZO.O, Ramazan Aycan Sa\u00e7 ve \u00c7elik \u0130\u015fleme Merkezi San. ve Tic. A.\u015e.,\u00a0 Herbert Makine Sanayi A.\u015e. \u015firketler toplulu\u011fumuzca da desteklenen bu faaliyetler, her ge\u00e7en g\u00fcn kurumsal kimli\u011fini geli\u015ftirerek profesyonel bir bak\u0131\u015f a\u00e7\u0131s\u0131yla Feyz Grup ad\u0131 alt\u0131nda \u00e7al\u0131\u015fmalar\u0131na t\u00fcm h\u0131z\u0131yla devam etmektedir. <\/span><\/p>\t\t\t\t\t\t\t\t<\/div>\n\t\t\t\t<\/div>\n\t\t\t\t\t<\/div>\n\t\t<\/div>\n\t\t\t\t\t<\/div>\n\t\t<\/section>\n\t\t\t\t\t<\/div>\n\t\t<\/div>\n\t\t\t\t\t<\/div>\n\t\t<\/section>\n\t\t\t\t<section class=\"elementor-section elementor-top-section elementor-element elementor-element-6e068198 elementor-section-content-middle elementor-section-boxed elementor-section-height-default elementor-section-height-default\" data-id=\"6e068198\" data-element_type=\"section\">\n\t\t\t\t\t\t<div class=\"elementor-container elementor-column-gap-no\">\n\t\t\t\t\t<div class=\"aux-parallax-section elementor-column elementor-col-100 elementor-top-column elementor-element elementor-element-16378dfc\" data-id=\"16378dfc\" data-element_type=\"column\">\n\t\t\t<div class=\"elementor-widget-wrap elementor-element-populated\">\n\t\t\t\t\t\t<div class=\"elementor-element elementor-element-43acd5b6 elementor-widget elementor-widget-heading\" data-id=\"43acd5b6\" data-element_type=\"widget\" data-widget_type=\"heading.default\">\n\t\t\t\t<div class=\"elementor-widget-container\">\n\t\t\t\t\t<h4 class=\"elementor-heading-title elementor-size-default\">Grup \u015eirketlerimiz<\/h4>\t\t\t\t<\/div>\n\t\t\t\t<\/div>\n\t\t\t\t<section class=\"elementor-section elementor-inner-section elementor-element elementor-element-31b88f9f elementor-section-boxed elementor-section-height-default elementor-section-height-default\" data-id=\"31b88f9f\" data-element_type=\"section\">\n\t\t\t\t\t\t<div class=\"elementor-container elementor-column-gap-default\">\n\t\t\t\t\t<div class=\"aux-parallax-section elementor-column elementor-col-25 elementor-inner-column elementor-element elementor-element-63cd3350\" data-id=\"63cd3350\" data-element_type=\"column\">\n\t\t\t<div class=\"elementor-widget-wrap elementor-element-populated\">\n\t\t\t\t\t\t<div class=\"elementor-element elementor-element-88dc303 elementor-widget elementor-widget-aux_text\" data-id=\"88dc303\" data-element_type=\"widget\" data-widget_type=\"aux_text.default\">\n\t\t\t\t<div class=\"elementor-widget-container\">\n\t\t\t\t\t<section class=\"widget-container aux-widget-text aux-parent-au30632882\">        <div class=\"aux-widget-advanced-text aux-wrap-style-simple aux-ico-pos-top aux-text-center aux-text-resp- aux-text-color-dark aux-text-widget-bg-center  \" >\n        \n                            <div class=\"aux-text-widget-header \"  >\n                        <div class=\"aux-ico-box aux-ico-large aux-img-box aux-ico-shape-default aux-ico-clear \">\n                                                                <img fetchpriority=\"high\" decoding=\"async\" width=\"400\" height=\"400\" src=\"https:\/\/feyzgrup.com\/wp-content\/uploads\/2019\/04\/Logolar-400x400_0008_Resim-gxx.png\" class=\"aux-attachment aux-featured-image aux-attachment-id-356\" alt=\"Logolar-400x400_0008_Resim-gxx\" data-ratio=\"1\" data-original-w=\"400\" \/>                                                    <\/div>\n                <\/div>\n            \n            <div class=\"aux-text-inner aux-text-widget-content\">\n                                <h4 class=\"col-title\">Feyz Bas\u0131n Yay\u0131n Ltd. \u015eti.<\/h4>\n                                <div class=\"widget-content\">\n                                        <p>Feyz, G\u00f6n\u00fcl ve\u00a0 Hankando Dergilerinden Olu\u015fan 28 Y\u0131ll\u0131k Medya Kurulu\u015fudur.<\/p>                <\/div>\n                            <\/div>\n        <\/div>\n                    <div class=\"aux-text-widget-footer\">\n                <div class=\"aux-border-shape-none \">\n                                <\/div>\n            <\/div>\n        \n<\/section><!-- widget-container -->\t\t\t\t<\/div>\n\t\t\t\t<\/div>\n\t\t\t\t\t<\/div>\n\t\t<\/div>\n\t\t\t\t<div class=\"aux-parallax-section elementor-column elementor-col-25 elementor-inner-column elementor-element elementor-element-7d287400\" data-id=\"7d287400\" data-element_type=\"column\">\n\t\t\t<div class=\"elementor-widget-wrap elementor-element-populated\">\n\t\t\t\t\t\t<div class=\"elementor-element elementor-element-33ecdcc elementor-widget elementor-widget-aux_text\" data-id=\"33ecdcc\" data-element_type=\"widget\" data-widget_type=\"aux_text.default\">\n\t\t\t\t<div class=\"elementor-widget-container\">\n\t\t\t\t\t<section class=\"widget-container aux-widget-text aux-parent-aua466d4ca\">        <div class=\"aux-widget-advanced-text aux-wrap-style-simple aux-ico-pos-top aux-text-center aux-text-resp- aux-text-color-dark aux-text-widget-bg-center  \" >\n        \n                            <div class=\"aux-text-widget-header \"  >\n                        <div class=\"aux-ico-box aux-ico-large aux-img-box aux-ico-shape-default aux-ico-clear \">\n                                                                <img decoding=\"async\" width=\"400\" height=\"400\" src=\"https:\/\/feyzgrup.com\/wp-content\/uploads\/2018\/05\/Logolar-400x400-feyz-film.png\" class=\"aux-attachment aux-featured-image aux-attachment-id-595\" alt=\"Logolar 400x400 feyz film\" data-ratio=\"1\" data-original-w=\"400\" \/>                                                    <\/div>\n                <\/div>\n            \n            <div class=\"aux-text-inner aux-text-widget-content\">\n                                <h4 class=\"col-title\"><a href=\"#\">Feyz Film Prod\u00fcksiyon Ltd. \u015eti.<\/a><\/h4>\n                                <div class=\"widget-content\">\n                                        <p>Feyz Grubun\u00a0 Sinema ve Film Yap\u0131m Faailiyetlerini S\u00fcrd\u00fcrmektedir.<\/p>                <\/div>\n                            <\/div>\n        <\/div>\n                    <div class=\"aux-text-widget-footer\">\n                <div class=\"aux-border-shape-none \">\n                                <\/div>\n            <\/div>\n        \n<\/section><!-- widget-container -->\t\t\t\t<\/div>\n\t\t\t\t<\/div>\n\t\t\t\t\t<\/div>\n\t\t<\/div>\n\t\t\t\t<div class=\"aux-parallax-section elementor-column elementor-col-25 elementor-inner-column elementor-element elementor-element-363d6c6\" data-id=\"363d6c6\" data-element_type=\"column\">\n\t\t\t<div class=\"elementor-widget-wrap elementor-element-populated\">\n\t\t\t\t\t\t<div class=\"elementor-element elementor-element-3318cfe elementor-widget elementor-widget-aux_text\" data-id=\"3318cfe\" data-element_type=\"widget\" data-widget_type=\"aux_text.default\">\n\t\t\t\t<div class=\"elementor-widget-container\">\n\t\t\t\t\t<section class=\"widget-container aux-widget-text aux-parent-aue19679b7\">        <div class=\"aux-widget-advanced-text aux-wrap-style-simple aux-ico-pos-top aux-text-center aux-text-resp- aux-text-color-dark aux-text-widget-bg-center  \" >\n        \n                            <div class=\"aux-text-widget-header \"  >\n                        <div class=\"aux-ico-box aux-ico-large aux-img-box aux-ico-shape-default aux-ico-clear \">\n                                                                <img decoding=\"async\" width=\"400\" height=\"400\" src=\"https:\/\/feyzgrup.com\/wp-content\/uploads\/2019\/04\/Logolar-400x400_0007_Resim-32g.png\" class=\"aux-attachment aux-featured-image aux-attachment-id-357\" alt=\"Logolar-400x400_0007_Resim-32g\" data-ratio=\"1\" data-original-w=\"400\" \/>                                                    <\/div>\n                <\/div>\n            \n            <div class=\"aux-text-inner aux-text-widget-content\">\n                                <h4 class=\"col-title\"><a href=\"http:\/\/medyahan.com\/\">Film ve Reklam Yap\u0131m A.\u015e.<\/a><\/h4>\n                                <div class=\"widget-content\">\n                                        <p>Film Yap\u0131m\u0131 ve Reklam ile ilgili T\u00fcm Alanlarda Faaliyet G\u00f6stermektedir.<\/p>                <\/div>\n                            <\/div>\n        <\/div>\n                    <div class=\"aux-text-widget-footer\">\n                <div class=\"aux-border-shape-none \">\n                                <\/div>\n            <\/div>\n        \n<\/section><!-- widget-container -->\t\t\t\t<\/div>\n\t\t\t\t<\/div>\n\t\t\t\t\t<\/div>\n\t\t<\/div>\n\t\t\t\t<div class=\"aux-parallax-section elementor-column elementor-col-25 elementor-inner-column elementor-element elementor-element-d76ae82\" data-id=\"d76ae82\" data-element_type=\"column\">\n\t\t\t<div class=\"elementor-widget-wrap elementor-element-populated\">\n\t\t\t\t\t\t<div class=\"elementor-element elementor-element-6d8db8c elementor-widget elementor-widget-aux_text\" data-id=\"6d8db8c\" data-element_type=\"widget\" data-widget_type=\"aux_text.default\">\n\t\t\t\t<div class=\"elementor-widget-container\">\n\t\t\t\t\t<section class=\"widget-container aux-widget-text aux-parent-au5fb58097\">        <div class=\"aux-widget-advanced-text aux-wrap-style-simple aux-ico-pos-top aux-text-center aux-text-resp- aux-text-color-dark aux-text-widget-bg-center  \" >\n        \n                            <div class=\"aux-text-widget-header \"  >\n                        <div class=\"aux-ico-box aux-ico-large aux-img-box aux-ico-shape-default aux-ico-clear \">\n                                                                <img loading=\"lazy\" decoding=\"async\" width=\"400\" height=\"400\" src=\"https:\/\/feyzgrup.com\/wp-content\/uploads\/2019\/04\/Logolar-400x400_0005_Resim-29.png\" class=\"aux-attachment aux-featured-image aux-attachment-id-363\" alt=\"Logolar-400x400_0005_Resim-29\" data-ratio=\"1\" data-original-w=\"400\" \/>                                                    <\/div>\n                <\/div>\n            \n            <div class=\"aux-text-inner aux-text-widget-content\">\n                                <h4 class=\"col-title\"><a href=\"http:\/\/www.hankando.com\/\">Hankando Federasyonu<\/a><\/h4>\n                                <div class=\"widget-content\">\n                                        <p>Hankando D\u00f6v\u00fc\u015f ve Savunma Sanat\u0131n\u0131n Toplumda \u00d6\u011fretilmesi Amac\u0131yla Faaliyet S\u00fcrd\u00fcrmektedir.<\/p>                <\/div>\n                            <\/div>\n        <\/div>\n                    <div class=\"aux-text-widget-footer\">\n                <div class=\"aux-border-shape-none \">\n                                <\/div>\n            <\/div>\n        \n<\/section><!-- widget-container -->\t\t\t\t<\/div>\n\t\t\t\t<\/div>\n\t\t\t\t\t<\/div>\n\t\t<\/div>\n\t\t\t\t\t<\/div>\n\t\t<\/section>\n\t\t\t\t<section class=\"elementor-section elementor-inner-section elementor-element elementor-element-8a28e43 elementor-section-boxed elementor-section-height-default elementor-section-height-default\" data-id=\"8a28e43\" data-element_type=\"section\">\n\t\t\t\t\t\t<div class=\"elementor-container elementor-column-gap-default\">\n\t\t\t\t\t<div class=\"aux-parallax-section elementor-column elementor-col-25 elementor-inner-column elementor-element elementor-element-8cccbe1\" data-id=\"8cccbe1\" data-element_type=\"column\">\n\t\t\t<div class=\"elementor-widget-wrap elementor-element-populated\">\n\t\t\t\t\t\t<div class=\"elementor-element elementor-element-4d61489 elementor-widget elementor-widget-aux_text\" data-id=\"4d61489\" data-element_type=\"widget\" data-widget_type=\"aux_text.default\">\n\t\t\t\t<div class=\"elementor-widget-container\">\n\t\t\t\t\t<section class=\"widget-container aux-widget-text aux-parent-au3fed5b81\">        <div class=\"aux-widget-advanced-text aux-wrap-style-simple aux-ico-pos-top aux-text-center aux-text-resp- aux-text-color-dark aux-text-widget-bg-center  \" >\n        \n                            <div class=\"aux-text-widget-header \"  >\n                        <div class=\"aux-ico-box aux-ico-large aux-img-box aux-ico-shape-default aux-ico-clear \">\n                                                                <img loading=\"lazy\" decoding=\"async\" width=\"400\" height=\"400\" src=\"https:\/\/feyzgrup.com\/wp-content\/uploads\/2019\/04\/Logolar-400x400_0000_logo-ramazan-aycan-kopya-2-1.png\" class=\"aux-attachment aux-featured-image aux-attachment-id-502\" alt=\"Logolar-400x400_0000_logo-ramazan-aycan-kopya-2\" data-ratio=\"1\" data-original-w=\"400\" \/>                                                    <\/div>\n                <\/div>\n            \n            <div class=\"aux-text-inner aux-text-widget-content\">\n                                <h4 class=\"col-title\"><a href=\"http:\/\/www.ramazanaycan.com.tr\/\">Sac ve \u00c7elik \u0130\u015fleme Merk. San. ve Tic. A.\u015e.<\/a><\/h4>\n                                <div class=\"widget-content\">\n                                        <p>2009 Y\u0131l\u0131nda Kurulan \u015eirketimiz Demir ve \u00c7elik Sekt\u00f6r\u00fcnde Faaliyet G\u00f6stermektedir.<\/p>                <\/div>\n                            <\/div>\n        <\/div>\n                    <div class=\"aux-text-widget-footer\">\n                <div class=\"aux-border-shape-none \">\n                                <\/div>\n            <\/div>\n        \n<\/section><!-- widget-container -->\t\t\t\t<\/div>\n\t\t\t\t<\/div>\n\t\t\t\t\t<\/div>\n\t\t<\/div>\n\t\t\t\t<div class=\"aux-parallax-section elementor-column elementor-col-25 elementor-inner-column elementor-element elementor-element-6f7f1d5\" data-id=\"6f7f1d5\" data-element_type=\"column\">\n\t\t\t<div class=\"elementor-widget-wrap elementor-element-populated\">\n\t\t\t\t\t\t<div class=\"elementor-element elementor-element-2fd9ca1 elementor-widget elementor-widget-aux_text\" data-id=\"2fd9ca1\" data-element_type=\"widget\" data-widget_type=\"aux_text.default\">\n\t\t\t\t<div class=\"elementor-widget-container\">\n\t\t\t\t\t<section class=\"widget-container aux-widget-text aux-parent-au63219090\">        <div class=\"aux-widget-advanced-text aux-wrap-style-simple aux-ico-pos-top aux-text-center aux-text-resp- aux-text-color-dark aux-text-widget-bg-center  \" >\n        \n                            <div class=\"aux-text-widget-header \"  >\n                        <div class=\"aux-ico-box aux-ico-large aux-img-box aux-ico-shape-default aux-ico-clear \">\n                                                                <img loading=\"lazy\" decoding=\"async\" width=\"400\" height=\"400\" src=\"https:\/\/feyzgrup.com\/wp-content\/uploads\/2019\/04\/Logolar-400x400_0001_Resim-35.png\" class=\"aux-attachment aux-featured-image aux-attachment-id-370\" alt=\"Logolar-400x400_0001_Resim-35\" data-ratio=\"1\" data-original-w=\"400\" \/>                                                    <\/div>\n                <\/div>\n            \n            <div class=\"aux-text-inner aux-text-widget-content\">\n                                <h4 class=\"col-title\"><a href=\"http:\/\/entekskumascilik.com\/\">Enteks Kuma\u015fc\u0131l\u0131k A.\u015e.<\/a><\/h4>\n                                <div class=\"widget-content\">\n                                        <p>Kuma\u015f, Haz\u0131r Giyim ve \u0130plik \u00dczerine \u0130thalat ve \u0130hracat Yapmaktad\u0131r.<\/p>                <\/div>\n                            <\/div>\n        <\/div>\n                    <div class=\"aux-text-widget-footer\">\n                <div class=\"aux-border-shape-none \">\n                                <\/div>\n            <\/div>\n        \n<\/section><!-- widget-container -->\t\t\t\t<\/div>\n\t\t\t\t<\/div>\n\t\t\t\t\t<\/div>\n\t\t<\/div>\n\t\t\t\t<div class=\"aux-parallax-section elementor-column elementor-col-25 elementor-inner-column elementor-element elementor-element-53a74c2\" data-id=\"53a74c2\" data-element_type=\"column\">\n\t\t\t<div class=\"elementor-widget-wrap elementor-element-populated\">\n\t\t\t\t\t\t<div class=\"elementor-element elementor-element-8c88a1e elementor-widget elementor-widget-aux_text\" data-id=\"8c88a1e\" data-element_type=\"widget\" data-widget_type=\"aux_text.default\">\n\t\t\t\t<div class=\"elementor-widget-container\">\n\t\t\t\t\t<section class=\"widget-container aux-widget-text aux-parent-au6201deae\">        <div class=\"aux-widget-advanced-text aux-wrap-style-simple aux-ico-pos-top aux-text-center aux-text-resp- aux-text-color-dark aux-text-widget-bg-center  \" >\n        \n                            <div class=\"aux-text-widget-header \"  >\n                        <div class=\"aux-ico-box aux-ico-large aux-img-box aux-ico-shape-default aux-ico-clear \">\n                                                                <img loading=\"lazy\" decoding=\"async\" width=\"400\" height=\"400\" src=\"https:\/\/feyzgrup.com\/wp-content\/uploads\/2019\/04\/Logolar-400x400_0003_Resim-37.png\" class=\"aux-attachment aux-featured-image aux-attachment-id-372\" alt=\"Logolar-400x400_0003_Resim-37\" data-ratio=\"1\" data-original-w=\"400\" \/>                                                    <\/div>\n                <\/div>\n            \n            <div class=\"aux-text-inner aux-text-widget-content\">\n                                <h4 class=\"col-title\"><a href=\"http:\/\/entekskumascilik.com\/\">ALARA SP.ZO.O.<\/a><\/h4>\n                                <div class=\"widget-content\">\n                                        <p>T\u00fcrkiyede \u00dcretilen Haz\u0131r Giyim \u00dcr\u00fcnlerini Polonya Ba\u015fta Olmak \u00dczere Arupaya Pazarlamaktad\u0131r.<\/p>                <\/div>\n                            <\/div>\n        <\/div>\n                    <div class=\"aux-text-widget-footer\">\n                <div class=\"aux-border-shape-none \">\n                                <\/div>\n            <\/div>\n        \n<\/section><!-- widget-container -->\t\t\t\t<\/div>\n\t\t\t\t<\/div>\n\t\t\t\t\t<\/div>\n\t\t<\/div>\n\t\t\t\t<div class=\"aux-parallax-section elementor-column elementor-col-25 elementor-inner-column elementor-element elementor-element-140726a\" data-id=\"140726a\" data-element_type=\"column\">\n\t\t\t<div class=\"elementor-widget-wrap elementor-element-populated\">\n\t\t\t\t\t\t<div class=\"elementor-element elementor-element-720f903 elementor-widget elementor-widget-aux_text\" data-id=\"720f903\" data-element_type=\"widget\" data-widget_type=\"aux_text.default\">\n\t\t\t\t<div class=\"elementor-widget-container\">\n\t\t\t\t\t<section class=\"widget-container aux-widget-text aux-parent-au7dca4f24\">        <div class=\"aux-widget-advanced-text aux-wrap-style-simple aux-ico-pos-top aux-text-center aux-text-resp- aux-text-color-dark aux-text-widget-bg-center  \" >\n        \n                            <div class=\"aux-text-widget-header \"  >\n                        <div class=\"aux-ico-box aux-ico-large aux-img-box aux-ico-shape-default aux-ico-clear \">\n                                                                <img loading=\"lazy\" decoding=\"async\" width=\"400\" height=\"400\" src=\"https:\/\/feyzgrup.com\/wp-content\/uploads\/2018\/05\/Logolar-400x400-hebert2.png\" class=\"aux-attachment aux-featured-image aux-attachment-id-565\" alt=\"Logolar 400x400 hebert2\" data-ratio=\"1\" data-original-w=\"400\" \/>                                                    <\/div>\n                <\/div>\n            \n            <div class=\"aux-text-inner aux-text-widget-content\">\n                                <h4 class=\"col-title\"><a href=\"http:\/\/hbkulevinc.com\/\">HEBERT Makina Sanayi A.\u015e<\/a><\/h4>\n                                <div class=\"widget-content\">\n                                        <p>Kulevin\u00e7 Al\u0131m Sat\u0131m, Kiralama\u00a0 Hizmetleri\u00a0<\/p>                <\/div>\n                            <\/div>\n        <\/div>\n                    <div class=\"aux-text-widget-footer\">\n                <div class=\"aux-border-shape-none \">\n                                <\/div>\n            <\/div>\n        \n<\/section><!-- widget-container -->\t\t\t\t<\/div>\n\t\t\t\t<\/div>\n\t\t\t\t\t<\/div>\n\t\t<\/div>\n\t\t\t\t\t<\/div>\n\t\t<\/section>\n\t\t\t\t\t<\/div>\n\t\t<\/div>\n\t\t\t\t\t<\/div>\n\t\t<\/section>\n\t\t\t\t<\/div>\n\t\t","protected":false},"excerpt":{"rendered":"<p>http:\/\/feyzgrup.com\/wp-content\/uploads\/2018\/05\/feyz-grup.mp4 FeyzGrup \u015eirketleri MEDYAHAN Reklam Film A.\u015e. ve Feyz Film Prod\u00fcksiyon A.\u015e. \u015firketleriyle sinema \u00e7al\u0131\u015fmalar\u0131na g\u00fc\u00e7l\u00fc bir ad\u0131m atan toplulu\u011fumuz; g\u00fc\u00e7lenen ekonomik ve ticari yap\u0131s\u0131yla FEYZ GRUP b\u00fcnyesi alt\u0131nda Feyz, G\u00f6n\u00fcl ve Hankando Dergileri ile uzun y\u0131llardan beri y\u00fcr\u00fctt\u00fc\u011f\u00fc yay\u0131nc\u0131l\u0131k faaliyetlerine devam etmektedir. Ticari hayatta Feyz Grup \u00e7at\u0131s\u0131 ve sinerjisi alt\u0131ndaki Enteks Kuma\u015f\u00e7\u0131l\u0131k A.\u015e. , [&hellip;]<\/p>\n","protected":false},"author":1,"featured_media":0,"parent":0,"menu_order":0,"comment_status":"closed","ping_status":"closed","template":"","meta":{"footnotes":""},"class_list":["post-167","page","type-page","status-publish","hentry"],"_links":{"self":[{"href":"https:\/\/feyzgrup.com\/index.php\/wp-json\/wp\/v2\/pages\/167","targetHints":{"allow":["GET"]}}],"collection":[{"href":"https:\/\/feyzgrup.com\/index.php\/wp-json\/wp\/v2\/pages"}],"about":[{"href":"https:\/\/feyzgrup.com\/index.php\/wp-json\/wp\/v2\/types\/page"}],"author":[{"embeddable":true,"href":"https:\/\/feyzgrup.com\/index.php\/wp-json\/wp\/v2\/users\/1"}],"replies":[{"embeddable":true,"href":"https:\/\/feyzgrup.com\/index.php\/wp-json\/wp\/v2\/comments?post=167"}],"version-history":[{"count":38,"href":"https:\/\/feyzgrup.com\/index.php\/wp-json\/wp\/v2\/pages\/167\/revisions"}],"predecessor-version":[{"id":649,"href":"https:\/\/feyzgrup.com\/index.php\/wp-json\/wp\/v2\/pages\/167\/revisions\/649"}],"wp:attachment":[{"href":"https:\/\/feyzgrup.com\/index.php\/wp-json\/wp\/v2\/media?parent=167"}],"curies":[{"name":"wp","href":"https:\/\/api.w.org\/{rel}","templated":true}]}}