{"id":168,"date":"2018-08-10T08:09:30","date_gmt":"2018-08-10T05:09:30","guid":{"rendered":"http:\/\/feyzgrup.com\/index.php\/services\/"},"modified":"2019-10-24T15:38:38","modified_gmt":"2019-10-24T12:38:38","slug":"markalarimiz","status":"publish","type":"page","link":"https:\/\/feyzgrup.com\/index.php\/markalarimiz\/","title":{"rendered":"Markalar\u0131m\u0131z"},"content":{"rendered":"\t\t<div data-elementor-type=\"wp-post\" data-elementor-id=\"168\" class=\"elementor elementor-168\">\n\t\t\t\t\t\t<section class=\"elementor-section elementor-top-section elementor-element elementor-element-dc85356 elementor-section-boxed elementor-section-height-default elementor-section-height-default\" data-id=\"dc85356\" data-element_type=\"section\">\n\t\t\t\t\t\t<div class=\"elementor-container elementor-column-gap-default\">\n\t\t\t\t\t<div class=\"aux-parallax-section elementor-column elementor-col-100 elementor-top-column elementor-element elementor-element-1910e08\" data-id=\"1910e08\" data-element_type=\"column\">\n\t\t\t<div class=\"elementor-widget-wrap elementor-element-populated\">\n\t\t\t\t\t\t<section class=\"elementor-section elementor-inner-section elementor-element elementor-element-5740c16 elementor-section-boxed elementor-section-height-default elementor-section-height-default\" data-id=\"5740c16\" data-element_type=\"section\">\n\t\t\t\t\t\t<div class=\"elementor-container elementor-column-gap-default\">\n\t\t\t\t\t<div class=\"aux-parallax-section elementor-column elementor-col-20 elementor-inner-column elementor-element elementor-element-532f3f6 aux-appear-watch-animation aux-fade-in-right-1\" data-id=\"532f3f6\" data-element_type=\"column\">\n\t\t\t<div class=\"elementor-widget-wrap elementor-element-populated\">\n\t\t\t\t\t\t<div class=\"elementor-element elementor-element-8fe9e11 aux-appear-watch-animation aux-fade-in-right-2 elementor-widget elementor-widget-aux_text\" data-id=\"8fe9e11\" data-element_type=\"widget\" data-widget_type=\"aux_text.default\">\n\t\t\t\t<div class=\"elementor-widget-container\">\n\t\t\t\t\t<section class=\"widget-container aux-widget-text aux-parent-aucba36088\">        <div class=\"aux-widget-advanced-text aux-wrap-style-simple aux-ico-pos-top aux-text-center aux-text-resp- aux-text-color-dark aux-text-widget-bg-center aux-text-no-content \" >\n        \n                            <div class=\"aux-text-widget-header \"  >\n                        <div class=\"aux-ico-box aux-ico-large aux-img-box aux-ico-shape-round-rect aux-ico-clear \">\n                                                                <img fetchpriority=\"high\" decoding=\"async\" width=\"400\" height=\"400\" src=\"https:\/\/feyzgrup.com\/wp-content\/uploads\/2019\/04\/Logolar-400x400_0008_Resim-gxx.png\" class=\"aux-attachment aux-featured-image aux-attachment-id-356\" alt=\"Logolar-400x400_0008_Resim-gxx\" srcset=\"https:\/\/feyzgrup.com\/wp-content\/uploads\/2019\/04\/Logolar-400x400_0008_Resim-gxx-150x150.png 150w,https:\/\/feyzgrup.com\/wp-content\/uploads\/2019\/04\/Logolar-400x400_0008_Resim-gxx-300x300.png 300w,https:\/\/feyzgrup.com\/wp-content\/uploads\/2019\/04\/Logolar-400x400_0008_Resim-gxx.png 400w\" data-ratio=\"1\" data-original-w=\"400\" \/>                                                    <\/div>\n                <\/div>\n            \n            <div class=\"aux-text-inner aux-text-widget-content\">\n                                <h4 class=\"col-title\"><a href=\"http:\/\/feyzdergisi.com\/\">Feyz<\/a><\/h4>\n                                <h5 class=\"col-subtitle\">Dergisi<\/h5>\n\n                            <\/div>\n        <\/div>\n                    <div class=\"aux-text-widget-footer\">\n                <div class=\"aux-border-shape-none \">\n                                <\/div>\n            <\/div>\n        \n<\/section><!-- widget-container -->\t\t\t\t<\/div>\n\t\t\t\t<\/div>\n\t\t\t\t<div class=\"elementor-element elementor-element-0c18480 aux-appear-watch-animation aux-fade-in-right-2 elementor-widget elementor-widget-aux_text\" data-id=\"0c18480\" data-element_type=\"widget\" data-widget_type=\"aux_text.default\">\n\t\t\t\t<div class=\"elementor-widget-container\">\n\t\t\t\t\t<section class=\"widget-container aux-widget-text aux-parent-aue0a61509\">        <div class=\"aux-widget-advanced-text aux-wrap-style-simple aux-ico-pos-top aux-text-center aux-text-resp- aux-text-color-dark aux-text-widget-bg-center aux-text-no-content \" >\n        \n                            <div class=\"aux-text-widget-header \"  >\n                        <div class=\"aux-ico-box aux-ico-large aux-img-box aux-ico-shape-round-rect aux-ico-clear \">\n                                                                <img decoding=\"async\" width=\"400\" height=\"400\" src=\"https:\/\/feyzgrup.com\/wp-content\/uploads\/2019\/04\/Logolar-400x400_0000_logo-ramazan-aycan-kopya-2-1.png\" class=\"aux-attachment aux-featured-image aux-attachment-id-502\" alt=\"Logolar-400x400_0000_logo-ramazan-aycan-kopya-2\" srcset=\"https:\/\/feyzgrup.com\/wp-content\/uploads\/2019\/04\/Logolar-400x400_0000_logo-ramazan-aycan-kopya-2-1-150x150.png 150w,https:\/\/feyzgrup.com\/wp-content\/uploads\/2019\/04\/Logolar-400x400_0000_logo-ramazan-aycan-kopya-2-1-300x300.png 300w,https:\/\/feyzgrup.com\/wp-content\/uploads\/2019\/04\/Logolar-400x400_0000_logo-ramazan-aycan-kopya-2-1.png 400w\" data-ratio=\"1\" data-original-w=\"400\" \/>                                                    <\/div>\n                <\/div>\n            \n            <div class=\"aux-text-inner aux-text-widget-content\">\n                                <h4 class=\"col-title\"><a href=\"http:\/\/www.ramazanaycan.com.tr\/\">Ramazan Aycan<\/a><\/h4>\n                                <h5 class=\"col-subtitle\">Sac \u00c7elik \u0130\u015fleme<\/h5>\n\n                            <\/div>\n        <\/div>\n                    <div class=\"aux-text-widget-footer\">\n                <div class=\"aux-border-shape-none \">\n                                <\/div>\n            <\/div>\n        \n<\/section><!-- widget-container -->\t\t\t\t<\/div>\n\t\t\t\t<\/div>\n\t\t\t\t\t<\/div>\n\t\t<\/div>\n\t\t\t\t<div class=\"aux-parallax-section elementor-column elementor-col-20 elementor-inner-column elementor-element elementor-element-f1cef33 aux-appear-watch-animation aux-fade-in-right-1\" data-id=\"f1cef33\" data-element_type=\"column\">\n\t\t\t<div class=\"elementor-widget-wrap elementor-element-populated\">\n\t\t\t\t\t\t<div class=\"elementor-element elementor-element-2dbdf71 aux-appear-watch-animation aux-fade-in-right-2 elementor-widget elementor-widget-aux_text\" data-id=\"2dbdf71\" data-element_type=\"widget\" data-widget_type=\"aux_text.default\">\n\t\t\t\t<div class=\"elementor-widget-container\">\n\t\t\t\t\t<section class=\"widget-container aux-widget-text aux-parent-au7c8add6c\">        <div class=\"aux-widget-advanced-text aux-wrap-style-simple aux-ico-pos-top aux-text-center aux-text-resp- aux-text-color-dark aux-text-widget-bg-center aux-text-no-content \" >\n        \n                            <div class=\"aux-text-widget-header \"  >\n                        <div class=\"aux-ico-box aux-ico-large aux-img-box aux-ico-shape-round-rect aux-ico-clear \">\n                                                                <img decoding=\"async\" width=\"400\" height=\"400\" src=\"https:\/\/feyzgrup.com\/wp-content\/uploads\/2019\/04\/Logolar-400x400_0009_Arka-Plan.png\" class=\"aux-attachment aux-featured-image aux-attachment-id-379\" alt=\"Logolar-400x400_0009_Arka-Plan\" srcset=\"https:\/\/feyzgrup.com\/wp-content\/uploads\/2019\/04\/Logolar-400x400_0009_Arka-Plan-150x150.png 150w,https:\/\/feyzgrup.com\/wp-content\/uploads\/2019\/04\/Logolar-400x400_0009_Arka-Plan-300x300.png 300w,https:\/\/feyzgrup.com\/wp-content\/uploads\/2019\/04\/Logolar-400x400_0009_Arka-Plan.png 400w\" data-ratio=\"1\" data-original-w=\"400\" \/>                                                    <\/div>\n                <\/div>\n            \n            <div class=\"aux-text-inner aux-text-widget-content\">\n                                <h4 class=\"col-title\"><a href=\"http:\/\/www.gonuldergisi.com\/\">G\u00f6n\u00fcl<\/a><\/h4>\n                                <h5 class=\"col-subtitle\">Dergisi<\/h5>\n\n                            <\/div>\n        <\/div>\n                    <div class=\"aux-text-widget-footer\">\n                <div class=\"aux-border-shape-none \">\n                                <\/div>\n            <\/div>\n        \n<\/section><!-- widget-container -->\t\t\t\t<\/div>\n\t\t\t\t<\/div>\n\t\t\t\t<div class=\"elementor-element elementor-element-2e72842 aux-appear-watch-animation aux-fade-in-right-2 elementor-widget elementor-widget-aux_text\" data-id=\"2e72842\" data-element_type=\"widget\" data-widget_type=\"aux_text.default\">\n\t\t\t\t<div class=\"elementor-widget-container\">\n\t\t\t\t\t<section class=\"widget-container aux-widget-text aux-parent-au3acfe76f\">        <div class=\"aux-widget-advanced-text aux-wrap-style-simple aux-ico-pos-top aux-text-center aux-text-resp- aux-text-color-dark aux-text-widget-bg-center aux-text-no-content \" >\n        \n                            <div class=\"aux-text-widget-header \"  >\n                        <div class=\"aux-ico-box aux-ico-large aux-img-box aux-ico-shape-round-rect aux-ico-clear \">\n                                                                <img loading=\"lazy\" decoding=\"async\" width=\"400\" height=\"400\" src=\"https:\/\/feyzgrup.com\/wp-content\/uploads\/2018\/05\/Logolar-400x400-hebert2.png\" class=\"aux-attachment aux-featured-image aux-attachment-id-565\" alt=\"Logolar 400x400 hebert2\" srcset=\"https:\/\/feyzgrup.com\/wp-content\/uploads\/2018\/05\/Logolar-400x400-hebert2-150x150.png 150w,https:\/\/feyzgrup.com\/wp-content\/uploads\/2018\/05\/Logolar-400x400-hebert2-300x300.png 300w,https:\/\/feyzgrup.com\/wp-content\/uploads\/2018\/05\/Logolar-400x400-hebert2.png 400w\" data-ratio=\"1\" data-original-w=\"400\" \/>                                                    <\/div>\n                <\/div>\n            \n            <div class=\"aux-text-inner aux-text-widget-content\">\n                                <h4 class=\"col-title\"><a href=\"http:\/\/hbkulevinc.com\/\">Hebert<\/a><\/h4>\n                                <h5 class=\"col-subtitle\">Makina<\/h5>\n\n                            <\/div>\n        <\/div>\n                    <div class=\"aux-text-widget-footer\">\n                <div class=\"aux-border-shape-none \">\n                                <\/div>\n            <\/div>\n        \n<\/section><!-- widget-container -->\t\t\t\t<\/div>\n\t\t\t\t<\/div>\n\t\t\t\t\t<\/div>\n\t\t<\/div>\n\t\t\t\t<div class=\"aux-parallax-section elementor-column elementor-col-20 elementor-inner-column elementor-element elementor-element-b52ee04 aux-appear-watch-animation aux-fade-in-right-1\" data-id=\"b52ee04\" data-element_type=\"column\">\n\t\t\t<div class=\"elementor-widget-wrap elementor-element-populated\">\n\t\t\t\t\t\t<div class=\"elementor-element elementor-element-2bf9692 aux-appear-watch-animation aux-fade-in-right-2 elementor-widget elementor-widget-aux_text\" data-id=\"2bf9692\" data-element_type=\"widget\" data-widget_type=\"aux_text.default\">\n\t\t\t\t<div class=\"elementor-widget-container\">\n\t\t\t\t\t<section class=\"widget-container aux-widget-text aux-parent-au2c9575e8\">        <div class=\"aux-widget-advanced-text aux-wrap-style-simple aux-ico-pos-top aux-text-center aux-text-resp- aux-text-color-dark aux-text-widget-bg-center aux-text-no-content \" >\n        \n                            <div class=\"aux-text-widget-header \"  >\n                        <div class=\"aux-ico-box aux-ico-large aux-img-box aux-ico-shape-round-rect aux-ico-clear \">\n                                                                <img loading=\"lazy\" decoding=\"async\" width=\"400\" height=\"400\" src=\"https:\/\/feyzgrup.com\/wp-content\/uploads\/2019\/06\/Logolar-400x400-2x.png\" class=\"aux-attachment aux-featured-image aux-attachment-id-600\" alt=\"Logolar 400x400 2x\" srcset=\"https:\/\/feyzgrup.com\/wp-content\/uploads\/2019\/06\/Logolar-400x400-2x-150x150.png 150w,https:\/\/feyzgrup.com\/wp-content\/uploads\/2019\/06\/Logolar-400x400-2x-300x300.png 300w,https:\/\/feyzgrup.com\/wp-content\/uploads\/2019\/06\/Logolar-400x400-2x.png 400w\" data-ratio=\"1\" data-original-w=\"400\" \/>                                                    <\/div>\n                <\/div>\n            \n            <div class=\"aux-text-inner aux-text-widget-content\">\n                                <h4 class=\"col-title\"><a href=\"http:\/\/feyzfilmproduksiyon.com\/\">FFP MEDIA<\/a><\/h4>\n                                <h5 class=\"col-subtitle\">Prod\u00fcksiyon<\/h5>\n\n                            <\/div>\n        <\/div>\n                    <div class=\"aux-text-widget-footer\">\n                <div class=\"aux-border-shape-none \">\n                                <\/div>\n            <\/div>\n        \n<\/section><!-- widget-container -->\t\t\t\t<\/div>\n\t\t\t\t<\/div>\n\t\t\t\t<div class=\"elementor-element elementor-element-3b88737 aux-appear-watch-animation aux-fade-in-right-2 elementor-widget elementor-widget-aux_text\" data-id=\"3b88737\" data-element_type=\"widget\" data-widget_type=\"aux_text.default\">\n\t\t\t\t<div class=\"elementor-widget-container\">\n\t\t\t\t\t<section class=\"widget-container aux-widget-text aux-parent-audd79890a\">        <div class=\"aux-widget-advanced-text aux-wrap-style-simple aux-ico-pos-top aux-text-center aux-text-resp- aux-text-color-dark aux-text-widget-bg-center aux-text-no-content \" >\n        \n                            <div class=\"aux-text-widget-header \"  >\n                        <div class=\"aux-ico-box aux-ico-large aux-img-box aux-ico-shape-round-rect aux-ico-clear \">\n                                                                <img loading=\"lazy\" decoding=\"async\" width=\"400\" height=\"400\" src=\"https:\/\/feyzgrup.com\/wp-content\/uploads\/2019\/04\/Logolar-400x400_0001_Resim-35.png\" class=\"aux-attachment aux-featured-image aux-attachment-id-370\" alt=\"Logolar-400x400_0001_Resim-35\" srcset=\"https:\/\/feyzgrup.com\/wp-content\/uploads\/2019\/04\/Logolar-400x400_0001_Resim-35-150x150.png 150w,https:\/\/feyzgrup.com\/wp-content\/uploads\/2019\/04\/Logolar-400x400_0001_Resim-35-300x300.png 300w,https:\/\/feyzgrup.com\/wp-content\/uploads\/2019\/04\/Logolar-400x400_0001_Resim-35.png 400w\" data-ratio=\"1\" data-original-w=\"400\" \/>                                                    <\/div>\n                <\/div>\n            \n            <div class=\"aux-text-inner aux-text-widget-content\">\n                                <h4 class=\"col-title\"><a href=\"http:\/\/entekskumascilik.com\/\">Enteks<\/a><\/h4>\n                                <h5 class=\"col-subtitle\">Kuma\u015fc\u0131l\u0131k<\/h5>\n\n                            <\/div>\n        <\/div>\n                    <div class=\"aux-text-widget-footer\">\n                <div class=\"aux-border-shape-none \">\n                                <\/div>\n            <\/div>\n        \n<\/section><!-- widget-container -->\t\t\t\t<\/div>\n\t\t\t\t<\/div>\n\t\t\t\t\t<\/div>\n\t\t<\/div>\n\t\t\t\t<div class=\"aux-parallax-section elementor-column elementor-col-20 elementor-inner-column elementor-element elementor-element-12c85f9 aux-appear-watch-animation aux-fade-in-right-1\" data-id=\"12c85f9\" data-element_type=\"column\">\n\t\t\t<div class=\"elementor-widget-wrap elementor-element-populated\">\n\t\t\t\t\t\t<div class=\"elementor-element elementor-element-a26158d aux-appear-watch-animation aux-fade-in-right-2 elementor-widget elementor-widget-aux_text\" data-id=\"a26158d\" data-element_type=\"widget\" data-widget_type=\"aux_text.default\">\n\t\t\t\t<div class=\"elementor-widget-container\">\n\t\t\t\t\t<section class=\"widget-container aux-widget-text aux-parent-au1d2edb92\">        <div class=\"aux-widget-advanced-text aux-wrap-style-simple aux-ico-pos-top aux-text-center aux-text-resp- aux-text-color-dark aux-text-widget-bg-center aux-text-no-content \" >\n        \n                            <div class=\"aux-text-widget-header \"  >\n                        <div class=\"aux-ico-box aux-ico-large aux-img-box aux-ico-shape-round-rect aux-ico-clear \">\n                                                                <img loading=\"lazy\" decoding=\"async\" width=\"400\" height=\"400\" src=\"https:\/\/feyzgrup.com\/wp-content\/uploads\/2019\/04\/Logolar-400x400_0007_Resim-32g.png\" class=\"aux-attachment aux-featured-image aux-attachment-id-357\" alt=\"Logolar-400x400_0007_Resim-32g\" srcset=\"https:\/\/feyzgrup.com\/wp-content\/uploads\/2019\/04\/Logolar-400x400_0007_Resim-32g-150x150.png 150w,https:\/\/feyzgrup.com\/wp-content\/uploads\/2019\/04\/Logolar-400x400_0007_Resim-32g-300x300.png 300w,https:\/\/feyzgrup.com\/wp-content\/uploads\/2019\/04\/Logolar-400x400_0007_Resim-32g.png 400w\" data-ratio=\"1\" data-original-w=\"400\" \/>                                                    <\/div>\n                <\/div>\n            \n            <div class=\"aux-text-inner aux-text-widget-content\">\n                                <h4 class=\"col-title\"><a href=\"http:\/\/medyahan.com\/\">MedyaHan<\/a><\/h4>\n                                <h5 class=\"col-subtitle\">Film Yap\u0131m<\/h5>\n\n                            <\/div>\n        <\/div>\n                    <div class=\"aux-text-widget-footer\">\n                <div class=\"aux-border-shape-none \">\n                                <\/div>\n            <\/div>\n        \n<\/section><!-- widget-container -->\t\t\t\t<\/div>\n\t\t\t\t<\/div>\n\t\t\t\t<div class=\"elementor-element elementor-element-e2bec98 aux-appear-watch-animation aux-fade-in-right-2 elementor-widget elementor-widget-aux_text\" data-id=\"e2bec98\" data-element_type=\"widget\" data-widget_type=\"aux_text.default\">\n\t\t\t\t<div class=\"elementor-widget-container\">\n\t\t\t\t\t<section class=\"widget-container aux-widget-text aux-parent-aud8786937\">        <div class=\"aux-widget-advanced-text aux-wrap-style-simple aux-ico-pos-top aux-text-center aux-text-resp- aux-text-color-dark aux-text-widget-bg-center aux-text-no-content \" >\n        \n                            <div class=\"aux-text-widget-header \"  >\n                        <div class=\"aux-ico-box aux-ico-large aux-img-box aux-ico-shape-round-rect aux-ico-clear \">\n                                                                <img loading=\"lazy\" decoding=\"async\" width=\"400\" height=\"400\" src=\"https:\/\/feyzgrup.com\/wp-content\/uploads\/2019\/04\/Logolar-400x400_0003_Resim-37.png\" class=\"aux-attachment aux-featured-image aux-attachment-id-372\" alt=\"Logolar-400x400_0003_Resim-37\" srcset=\"https:\/\/feyzgrup.com\/wp-content\/uploads\/2019\/04\/Logolar-400x400_0003_Resim-37-150x150.png 150w,https:\/\/feyzgrup.com\/wp-content\/uploads\/2019\/04\/Logolar-400x400_0003_Resim-37-300x300.png 300w,https:\/\/feyzgrup.com\/wp-content\/uploads\/2019\/04\/Logolar-400x400_0003_Resim-37.png 400w\" data-ratio=\"1\" data-original-w=\"400\" \/>                                                    <\/div>\n                <\/div>\n            \n            <div class=\"aux-text-inner aux-text-widget-content\">\n                                <h4 class=\"col-title\"><a href=\"http:\/\/alaraspzoo.com\/\">Alara<\/a><\/h4>\n                                <h5 class=\"col-subtitle\">Haz\u0131rgiyim<\/h5>\n\n                            <\/div>\n        <\/div>\n                    <div class=\"aux-text-widget-footer\">\n                <div class=\"aux-border-shape-none \">\n                                <\/div>\n            <\/div>\n        \n<\/section><!-- widget-container -->\t\t\t\t<\/div>\n\t\t\t\t<\/div>\n\t\t\t\t\t<\/div>\n\t\t<\/div>\n\t\t\t\t<div class=\"aux-parallax-section elementor-column elementor-col-20 elementor-inner-column elementor-element elementor-element-6b39a79 aux-appear-watch-animation aux-fade-in-right-1\" data-id=\"6b39a79\" data-element_type=\"column\">\n\t\t\t<div class=\"elementor-widget-wrap elementor-element-populated\">\n\t\t\t\t\t\t<div class=\"elementor-element elementor-element-650221c aux-appear-watch-animation aux-fade-in-right-2 elementor-widget elementor-widget-aux_text\" data-id=\"650221c\" data-element_type=\"widget\" data-widget_type=\"aux_text.default\">\n\t\t\t\t<div class=\"elementor-widget-container\">\n\t\t\t\t\t<section class=\"widget-container aux-widget-text aux-parent-auc5502648\">        <div class=\"aux-widget-advanced-text aux-wrap-style-simple aux-ico-pos-top aux-text-center aux-text-resp- aux-text-color-dark aux-text-widget-bg-center aux-text-no-content \" >\n        \n                            <div class=\"aux-text-widget-header \"  >\n                        <div class=\"aux-ico-box aux-ico-large aux-img-box aux-ico-shape-round-rect aux-ico-clear \">\n                                                                <img loading=\"lazy\" decoding=\"async\" width=\"400\" height=\"400\" src=\"https:\/\/feyzgrup.com\/wp-content\/uploads\/2019\/04\/Logolar-400x400_0005_Resim-29.png\" class=\"aux-attachment aux-featured-image aux-attachment-id-363\" alt=\"Logolar-400x400_0005_Resim-29\" srcset=\"https:\/\/feyzgrup.com\/wp-content\/uploads\/2019\/04\/Logolar-400x400_0005_Resim-29-150x150.png 150w,https:\/\/feyzgrup.com\/wp-content\/uploads\/2019\/04\/Logolar-400x400_0005_Resim-29-300x300.png 300w,https:\/\/feyzgrup.com\/wp-content\/uploads\/2019\/04\/Logolar-400x400_0005_Resim-29.png 400w\" data-ratio=\"1\" data-original-w=\"400\" \/>                                                    <\/div>\n                <\/div>\n            \n            <div class=\"aux-text-inner aux-text-widget-content\">\n                                <h4 class=\"col-title\"><a href=\"http:\/\/hankando.com\/\">Hankando<\/a><\/h4>\n                                <h5 class=\"col-subtitle\">Federasyonu<\/h5>\n\n                            <\/div>\n        <\/div>\n                    <div class=\"aux-text-widget-footer\">\n                <div class=\"aux-border-shape-none \">\n                                <\/div>\n            <\/div>\n        \n<\/section><!-- widget-container -->\t\t\t\t<\/div>\n\t\t\t\t<\/div>\n\t\t\t\t\t<\/div>\n\t\t<\/div>\n\t\t\t\t\t<\/div>\n\t\t<\/section>\n\t\t\t\t\t<\/div>\n\t\t<\/div>\n\t\t\t\t\t<\/div>\n\t\t<\/section>\n\t\t\t\t<\/div>\n\t\t","protected":false},"excerpt":{"rendered":"<p>Feyz Dergisi Ramazan Aycan Sac \u00c7elik \u0130\u015fleme G\u00f6n\u00fcl Dergisi Hebert Makina FFP MEDIA Prod\u00fcksiyon Enteks Kuma\u015fc\u0131l\u0131k MedyaHan Film Yap\u0131m Alara Haz\u0131rgiyim Hankando Federasyonu<\/p>\n","protected":false},"author":1,"featured_media":0,"parent":0,"menu_order":0,"comment_status":"closed","ping_status":"closed","template":"","meta":{"footnotes":""},"class_list":["post-168","page","type-page","status-publish","hentry"],"_links":{"self":[{"href":"https:\/\/feyzgrup.com\/index.php\/wp-json\/wp\/v2\/pages\/168","targetHints":{"allow":["GET"]}}],"collection":[{"href":"https:\/\/feyzgrup.com\/index.php\/wp-json\/wp\/v2\/pages"}],"about":[{"href":"https:\/\/feyzgrup.com\/index.php\/wp-json\/wp\/v2\/types\/page"}],"author":[{"embeddable":true,"href":"https:\/\/feyzgrup.com\/index.php\/wp-json\/wp\/v2\/users\/1"}],"replies":[{"embeddable":true,"href":"https:\/\/feyzgrup.com\/index.php\/wp-json\/wp\/v2\/comments?post=168"}],"version-history":[{"count":53,"href":"https:\/\/feyzgrup.com\/index.php\/wp-json\/wp\/v2\/pages\/168\/revisions"}],"predecessor-version":[{"id":640,"href":"https:\/\/feyzgrup.com\/index.php\/wp-json\/wp\/v2\/pages\/168\/revisions\/640"}],"wp:attachment":[{"href":"https:\/\/feyzgrup.com\/index.php\/wp-json\/wp\/v2\/media?parent=168"}],"curies":[{"name":"wp","href":"https:\/\/api.w.org\/{rel}","templated":true}]}}