{"id":169,"date":"2018-08-10T08:09:17","date_gmt":"2018-08-10T05:09:17","guid":{"rendered":"http:\/\/feyzgrup.com\/index.php\/about-page\/"},"modified":"2022-09-15T16:09:24","modified_gmt":"2022-09-15T13:09:24","slug":"kurumsal","status":"publish","type":"page","link":"https:\/\/feyzgrup.com\/index.php\/kurumsal\/","title":{"rendered":"Kurumsal"},"content":{"rendered":"\t\t<div data-elementor-type=\"wp-post\" data-elementor-id=\"169\" class=\"elementor elementor-169\">\n\t\t\t\t\t\t<section class=\"elementor-section elementor-top-section elementor-element elementor-element-89528fe elementor-section-content-middle elementor-reverse-mobile elementor-section-boxed elementor-section-height-default elementor-section-height-default\" data-id=\"89528fe\" data-element_type=\"section\">\n\t\t\t\t\t\t<div class=\"elementor-container elementor-column-gap-default\">\n\t\t\t\t\t<div class=\"aux-parallax-section elementor-column elementor-col-50 elementor-top-column elementor-element elementor-element-64c846d\" data-id=\"64c846d\" data-element_type=\"column\">\n\t\t\t<div class=\"elementor-widget-wrap elementor-element-populated\">\n\t\t\t\t\t\t<div class=\"elementor-element elementor-element-94bb3e7 aux-appear-watch-animation aux-mask-from-left elementor-widget elementor-widget-aux_modern_heading\" data-id=\"94bb3e7\" data-element_type=\"widget\" data-widget_type=\"aux_modern_heading.default\">\n\t\t\t\t<div class=\"elementor-widget-container\">\n\t\t\t\t\t<section class=\"aux-widget-modern-heading\">\n            <div class=\"aux-widget-inner\"><h2 class=\"aux-modern-heading-primary\"><\/h2><div class=\"aux-modern-heading-description\"><p><img fetchpriority=\"high\" decoding=\"async\" class=\"wp-image-603 size-full aligncenter\" src=\"http:\/\/feyzgrup.com\/wp-content\/uploads\/2018\/05\/logo-kurum.png\" alt=\"\" width=\"397\" height=\"201\" \/><\/p><\/div><\/div>\n        <\/section>\t\t\t\t<\/div>\n\t\t\t\t<\/div>\n\t\t\t\t<div class=\"elementor-element elementor-element-d20feec aux-appear-watch-animation aux-mask-from-left elementor-widget elementor-widget-aux_modern_heading\" data-id=\"d20feec\" data-element_type=\"widget\" data-widget_type=\"aux_modern_heading.default\">\n\t\t\t\t<div class=\"elementor-widget-container\">\n\t\t\t\t\t<section class=\"aux-widget-modern-heading\">\n            <div class=\"aux-widget-inner\"><h2 class=\"aux-modern-heading-primary\"><\/h2><h3 class=\"aux-modern-heading-secondary\"><span class=\"aux-head-before\">28 Y\u0131ll\u0131k Tecr\u00fcbe<\/span><\/h3><\/div>\n        <\/section>\t\t\t\t<\/div>\n\t\t\t\t<\/div>\n\t\t\t\t<div class=\"elementor-element elementor-element-d1ffc09 aux-appear-watch-animation aux-fade-in-right elementor-widget elementor-widget-text-editor\" data-id=\"d1ffc09\" data-element_type=\"widget\" data-widget_type=\"text-editor.default\">\n\t\t\t\t<div class=\"elementor-widget-container\">\n\t\t\t\t\t\t\t\t\t<div class=\"aux-bus2-title-divider\">\u00a0<\/div>\t\t\t\t\t\t\t\t<\/div>\n\t\t\t\t<\/div>\n\t\t\t\t<div class=\"elementor-element elementor-element-3d01efb aux-appear-watch-animation aux-fade-in-up elementor-widget elementor-widget-text-editor\" data-id=\"3d01efb\" data-element_type=\"widget\" data-widget_type=\"text-editor.default\">\n\t\t\t\t<div class=\"elementor-widget-container\">\n\t\t\t\t\t\t\t\t\t<p><span style=\"font-weight: 400;\">1990 Y\u0131l\u0131nda Feyz Dergisi\u2019nin yay\u0131n hayat\u0131na at\u0131lmas\u0131yla ba\u015flayan bas\u0131n ve yay\u0131n faaliyetimiz, G\u00f6n\u00fcl Dergisi ve Hankando Dergisi\u2019nin de kat\u0131lmas\u0131yla fikir, k\u00fclt\u00fcr ve medeniyet yolculu\u011funa devam etti. Bu yolculu\u011fumuz, mevcut birikimlerimizi, sineman\u0131n imkanlar\u0131yla ta\u00e7land\u0131rmak amac\u0131yla Feyz Film Prod\u00fcksiyon A.\u015e. ve MEDYAHAN Reklam Film A.\u015e.\u2019nin kurulmas\u0131yla farkl\u0131 bir boyut kazand\u0131. Bug\u00fcn ise kurumsal yap\u0131m\u0131z, Enteks Kuma\u015f\u00e7\u0131l\u0131k A.\u015e., Alara SP.ZO.O, Ramazan Aycan Sac ve \u00c7elik \u0130\u015fleme Merkezi San. ve Tic. A.\u015e.\u00a0 ve Herbert Makine Sanayi A.\u015e. \u015firketlerinin kat\u0131l\u0131m\u0131yla <\/span><b>Feyz Grup<\/b><span style=\"font-weight: 400;\"> ad\u0131 alt\u0131nda \u015firketler toplulu\u011funa d\u00f6nd\u00fc. \u00a0<\/span><\/p>\t\t\t\t\t\t\t\t<\/div>\n\t\t\t\t<\/div>\n\t\t\t\t\t<\/div>\n\t\t<\/div>\n\t\t\t\t<div class=\"aux-parallax-section elementor-column elementor-col-50 elementor-top-column elementor-element elementor-element-f7825a0 aux-appear-watch-animation aux-mask-from-left\" data-id=\"f7825a0\" data-element_type=\"column\">\n\t\t\t<div class=\"elementor-widget-wrap elementor-element-populated\">\n\t\t\t\t\t\t<div class=\"elementor-element elementor-element-3574bdc elementor-widget elementor-widget-aux_image\" data-id=\"3574bdc\" data-element_type=\"widget\" data-widget_type=\"aux_image.default\">\n\t\t\t\t<div class=\"elementor-widget-container\">\n\t\t\t\t\t<section class=\"widget-container aux-widget-image aux-alignnone aux-parent-aude601d07\">\n    <div class=\"aux-media-hint-frame \">\n        <div class=\"aux-media-image \" >\n        \n            \n\n            \n            <img decoding=\"async\" width=\"1500\" height=\"1000\" src=\"https:\/\/feyzgrup.com\/wp-content\/uploads\/2022\/09\/\u015firketler-kopya.jpg\" class=\"aux-attachment aux-featured-image aux-attachment-id-643\" alt=\"\u015firketler kopya\" data-ratio=\"1.5\" data-original-w=\"1500\" \/>            \n                <\/div>\n    <\/div>\n\n<\/section><!-- widget-container -->\t\t\t\t<\/div>\n\t\t\t\t<\/div>\n\t\t\t\t\t<\/div>\n\t\t<\/div>\n\t\t\t\t\t<\/div>\n\t\t<\/section>\n\t\t\t\t<\/div>\n\t\t","protected":false},"excerpt":{"rendered":"<p>28 Y\u0131ll\u0131k Tecr\u00fcbe \u00a0 1990 Y\u0131l\u0131nda Feyz Dergisi\u2019nin yay\u0131n hayat\u0131na at\u0131lmas\u0131yla ba\u015flayan bas\u0131n ve yay\u0131n faaliyetimiz, G\u00f6n\u00fcl Dergisi ve Hankando Dergisi\u2019nin de kat\u0131lmas\u0131yla fikir, k\u00fclt\u00fcr ve medeniyet yolculu\u011funa devam etti. Bu yolculu\u011fumuz, mevcut birikimlerimizi, sineman\u0131n imkanlar\u0131yla ta\u00e7land\u0131rmak amac\u0131yla Feyz Film Prod\u00fcksiyon A.\u015e. ve MEDYAHAN Reklam Film A.\u015e.\u2019nin kurulmas\u0131yla farkl\u0131 bir boyut kazand\u0131. Bug\u00fcn ise kurumsal [&hellip;]<\/p>\n","protected":false},"author":1,"featured_media":0,"parent":0,"menu_order":0,"comment_status":"closed","ping_status":"closed","template":"","meta":{"footnotes":""},"class_list":["post-169","page","type-page","status-publish","hentry"],"_links":{"self":[{"href":"https:\/\/feyzgrup.com\/index.php\/wp-json\/wp\/v2\/pages\/169","targetHints":{"allow":["GET"]}}],"collection":[{"href":"https:\/\/feyzgrup.com\/index.php\/wp-json\/wp\/v2\/pages"}],"about":[{"href":"https:\/\/feyzgrup.com\/index.php\/wp-json\/wp\/v2\/types\/page"}],"author":[{"embeddable":true,"href":"https:\/\/feyzgrup.com\/index.php\/wp-json\/wp\/v2\/users\/1"}],"replies":[{"embeddable":true,"href":"https:\/\/feyzgrup.com\/index.php\/wp-json\/wp\/v2\/comments?post=169"}],"version-history":[{"count":19,"href":"https:\/\/feyzgrup.com\/index.php\/wp-json\/wp\/v2\/pages\/169\/revisions"}],"predecessor-version":[{"id":644,"href":"https:\/\/feyzgrup.com\/index.php\/wp-json\/wp\/v2\/pages\/169\/revisions\/644"}],"wp:attachment":[{"href":"https:\/\/feyzgrup.com\/index.php\/wp-json\/wp\/v2\/media?parent=169"}],"curies":[{"name":"wp","href":"https:\/\/api.w.org\/{rel}","templated":true}]}}